{"id":16,"date":"2020-12-28T11:26:40","date_gmt":"2020-12-28T10:26:40","guid":{"rendered":"http:\/\/www.tin-architektur.at\/tin-architektur\/?page_id=16"},"modified":"2021-04-29T21:10:33","modified_gmt":"2021-04-29T19:10:33","slug":"uber-uns","status":"publish","type":"page","link":"http:\/\/www.tin-architektur.at\/tin-architektur\/?page_id=16","title":{"rendered":"\u00dcber TIN"},"content":{"rendered":"\n<p><strong>Architektin DI<sup>in<\/sup> Kristina Macherhammer<\/strong><br>1972 * Graz<br>1990 Reifepr\u00fcfung BG Obersch\u00fctzen<br>1996 Diplom Architektur TU Graz<br>1996 \u2013 1998 USA I CA I Los Angeles I Venice \/ MACK Architects<br>1999 \u2013 2000 WIEN I Architekt E. HOFFMANN<br>2000 Ziviltechnikerpr\u00fcfung, ZT-Kammer Wien<br>2001 \u2013 TIN ARCHITEKTUR ZT-GmbH<\/p>\n\n\n\n<p><\/p>\n\n\n\n<p><strong>Mag. rer. soc.oec. G\u00fcnter J. Hochwarter, MSc (WU)<\/strong><br>1967 * Oberwart<br>1986 Reifepr\u00fcfung BRG Obersch\u00fctzen<br>1992 Diplom BWL WU Wien<br>2018 Diplom Masterstudium der WIP\u00c4D WU Wien<br>2018 \u2013 TIN ARCHITEKTUR ZT-GmbH<\/p>\n\n\n\n<p><\/p>\n\n\n\n<p><strong>Robert Dulguerov<\/strong><br>1996 * Wien<br>2015 Reifepr\u00fcfung Camillo Sitte HTL, 1030 Wien<br>2013 \u2013 freier Mitarbeiter TIN ARCHITEKTUR ZT-GmbH<br>2016 \u2013 TU Wien<\/p>\n","protected":false},"excerpt":{"rendered":"<p>Architektin DIin Kristina Macherhammer1972 * Graz1990 Reifepr\u00fcfung BG Obersch\u00fctzen1996 Diplom Architektur TU Graz1996 \u2013 1998 USA I CA I Los Angeles I Venice \/ MACK Architects1999 \u2013 2000 WIEN I Architekt E. HOFFMANN2000 Ziviltechnikerpr\u00fcfung, ZT-Kammer Wien2001 \u2013 TIN ARCHITEKTUR ZT-GmbH Mag. rer. soc.oec. G\u00fcnter J. Hochwarter, MSc (WU)1967 * Oberwart1986 Reifepr\u00fcfung BRG Obersch\u00fctzen1992 Diplom BWL WU Wien2018 Diplom Masterstudium der WIP\u00c4D WU Wien2018 \u2013 TIN ARCHITEKTUR ZT-GmbH Robert Dulguerov1996 * Wien2015 Reifepr\u00fcfung Camillo Sitte HTL, 1030 Wien2013 \u2013 freier Mitarbeiter TIN ARCHITEKTUR ZT-GmbH2016 \u2013 TU Wien<\/p>\n","protected":false},"author":4,"featured_media":0,"parent":0,"menu_order":0,"comment_status":"closed","ping_status":"closed","template":"","meta":{"footnotes":""},"class_list":["post-16","page","type-page","status-publish","hentry"],"_links":{"self":[{"href":"http:\/\/www.tin-architektur.at\/tin-architektur\/index.php?rest_route=\/wp\/v2\/pages\/16","targetHints":{"allow":["GET"]}}],"collection":[{"href":"http:\/\/www.tin-architektur.at\/tin-architektur\/index.php?rest_route=\/wp\/v2\/pages"}],"about":[{"href":"http:\/\/www.tin-architektur.at\/tin-architektur\/index.php?rest_route=\/wp\/v2\/types\/page"}],"author":[{"embeddable":true,"href":"http:\/\/www.tin-architektur.at\/tin-architektur\/index.php?rest_route=\/wp\/v2\/users\/4"}],"replies":[{"embeddable":true,"href":"http:\/\/www.tin-architektur.at\/tin-architektur\/index.php?rest_route=%2Fwp%2Fv2%2Fcomments&post=16"}],"version-history":[{"count":14,"href":"http:\/\/www.tin-architektur.at\/tin-architektur\/index.php?rest_route=\/wp\/v2\/pages\/16\/revisions"}],"predecessor-version":[{"id":641,"href":"http:\/\/www.tin-architektur.at\/tin-architektur\/index.php?rest_route=\/wp\/v2\/pages\/16\/revisions\/641"}],"wp:attachment":[{"href":"http:\/\/www.tin-architektur.at\/tin-architektur\/index.php?rest_route=%2Fwp%2Fv2%2Fmedia&parent=16"}],"curies":[{"name":"wp","href":"https:\/\/api.w.org\/{rel}","templated":true}]}}